{"id":39,"date":"2017-01-02T09:40:51","date_gmt":"2017-01-02T09:40:51","guid":{"rendered":"https:\/\/demo.themegrill.com\/flash-default-2\/?page_id=39"},"modified":"2024-09-05T19:51:29","modified_gmt":"2024-09-05T19:51:29","slug":"about-us","status":"publish","type":"page","link":"https:\/\/www.windowsandoffice.com\/es\/about-us\/","title":{"rendered":"Acerca de"},"content":{"rendered":"<div data-elementor-type=\"wp-page\" data-elementor-id=\"39\" class=\"elementor elementor-39\">\n\t\t\t\t\t\t<section class=\"elementor-section elementor-top-section elementor-element elementor-element-c7df8b9 elementor-section-boxed elementor-section-height-default elementor-section-height-default\" data-id=\"c7df8b9\" data-element_type=\"section\">\n\t\t\t\t\t\t<div class=\"elementor-container elementor-column-gap-default\">\n\t\t\t\t\t<div class=\"elementor-column elementor-col-100 elementor-top-column elementor-element elementor-element-c0d7ce3\" data-id=\"c0d7ce3\" data-element_type=\"column\">\n\t\t\t<div class=\"elementor-widget-wrap elementor-element-populated\">\n\t\t\t\t\t\t<div class=\"elementor-element elementor-element-d465efd elementor-widget elementor-widget-image\" data-id=\"d465efd\" data-element_type=\"widget\" data-widget_type=\"image.default\">\n\t\t\t\t<div class=\"elementor-widget-container\">\n\t\t\t\t\t\t\t\t\t\t\t\t\t\t\t<img fetchpriority=\"high\" decoding=\"async\" width=\"1024\" height=\"367\" src=\"https:\/\/www.windowsandoffice.com\/wp-content\/uploads\/2020\/02\/bb-1-1024x367.jpg\" class=\"attachment-large size-large wp-image-1096\" alt=\"\" srcset=\"https:\/\/www.windowsandoffice.com\/wp-content\/uploads\/2020\/02\/bb-1-1024x367.jpg 1024w, https:\/\/www.windowsandoffice.com\/wp-content\/uploads\/2020\/02\/bb-1-300x108.jpg 300w, https:\/\/www.windowsandoffice.com\/wp-content\/uploads\/2020\/02\/bb-1-768x275.jpg 768w, https:\/\/www.windowsandoffice.com\/wp-content\/uploads\/2020\/02\/bb-1.jpg 1200w\" sizes=\"(max-width: 1024px) 100vw, 1024px\" \/>\t\t\t\t\t\t\t\t\t\t\t\t\t\t\t<\/div>\n\t\t\t\t<\/div>\n\t\t\t\t\t<\/div>\n\t\t<\/div>\n\t\t\t\t\t<\/div>\n\t\t<\/section>\n\t\t\t\t<section class=\"elementor-section elementor-top-section elementor-element elementor-element-064cdab elementor-section-boxed elementor-section-height-default elementor-section-height-default\" data-id=\"064cdab\" data-element_type=\"section\">\n\t\t\t\t\t\t<div class=\"elementor-container elementor-column-gap-default\">\n\t\t\t\t\t<div class=\"elementor-column elementor-col-100 elementor-top-column elementor-element elementor-element-a698f1c\" data-id=\"a698f1c\" data-element_type=\"column\">\n\t\t\t<div class=\"elementor-widget-wrap elementor-element-populated\">\n\t\t\t\t\t\t<div class=\"elementor-element elementor-element-b3912b8 elementor-widget elementor-widget-heading\" data-id=\"b3912b8\" data-element_type=\"widget\" data-widget_type=\"heading.default\">\n\t\t\t\t<div class=\"elementor-widget-container\">\n\t\t\t\t\t<h2 class=\"elementor-heading-title elementor-size-default\">Windows &amp; Office<\/h2>\t\t\t\t<\/div>\n\t\t\t\t<\/div>\n\t\t\t\t\t<\/div>\n\t\t<\/div>\n\t\t\t\t\t<\/div>\n\t\t<\/section>\n\t\t\t\t<section class=\"elementor-section elementor-top-section elementor-element elementor-element-af9cad5 elementor-section-boxed elementor-section-height-default elementor-section-height-default\" data-id=\"af9cad5\" data-element_type=\"section\">\n\t\t\t\t\t\t<div class=\"elementor-container elementor-column-gap-default\">\n\t\t\t\t\t<div class=\"elementor-column elementor-col-50 elementor-top-column elementor-element elementor-element-59496d8\" data-id=\"59496d8\" data-element_type=\"column\">\n\t\t\t<div class=\"elementor-widget-wrap elementor-element-populated\">\n\t\t\t\t\t\t<div class=\"elementor-element elementor-element-8110520 elementor-widget elementor-widget-text-editor\" data-id=\"8110520\" data-element_type=\"widget\" data-widget_type=\"text-editor.default\">\n\t\t\t\t<div class=\"elementor-widget-container\">\n\t\t\t\t\t\t\t\t\t<p>Es una empresa con sede en Tailandia, dedicada a suministrar claves de activaci\u00f3n de software de Microsoft, a precios competitivos, cuyos puntos fuertes son la rapidez de la entrega y el soporte 24\/7 proporcionado por nuestro personal t\u00e9cnico durante la instalaci\u00f3n del producto.<\/p>\t\t\t\t\t\t\t\t<\/div>\n\t\t\t\t<\/div>\n\t\t\t\t\t<\/div>\n\t\t<\/div>\n\t\t\t\t<div class=\"elementor-column elementor-col-50 elementor-top-column elementor-element elementor-element-54afe02\" data-id=\"54afe02\" data-element_type=\"column\">\n\t\t\t<div class=\"elementor-widget-wrap elementor-element-populated\">\n\t\t\t\t\t\t<div class=\"elementor-element elementor-element-88b8206 elementor-widget elementor-widget-text-editor\" data-id=\"88b8206\" data-element_type=\"widget\" data-widget_type=\"text-editor.default\">\n\t\t\t\t<div class=\"elementor-widget-container\">\n\t\t\t\t\t\t\t\t\t<p>A diferencia de otras compa\u00f1\u00edas, Windows &amp; Office busca la satisfacci\u00f3n total del cliente. Por esta raz\u00f3n, la relaci\u00f3n con nuestros clientes no termina cuando se entrega el producto, por el contrario, el equipo de soporte t\u00e9cnico est\u00e1 atento para resolver los posibles problemas que pueda tener el usuario durante la instalaci\u00f3n de su clave, hasta obtener el total del cliente conformidad.<\/p>\t\t\t\t\t\t\t\t<\/div>\n\t\t\t\t<\/div>\n\t\t\t\t\t<\/div>\n\t\t<\/div>\n\t\t\t\t\t<\/div>\n\t\t<\/section>\n\t\t\t\t<\/div>","protected":false},"excerpt":{"rendered":"<p>Windows &amp; Office Es una empresa con sede en Tailandia, dedicada a proporcionar claves de activaci\u00f3n de software de Microsoft, a precios competitivos, cuya [...]<\/p>","protected":false},"author":1,"featured_media":0,"parent":0,"menu_order":0,"comment_status":"closed","ping_status":"closed","template":"","meta":{"footnotes":""},"class_list":["post-39","page","type-page","status-publish","hentry"],"_links":{"self":[{"href":"https:\/\/www.windowsandoffice.com\/es\/wp-json\/wp\/v2\/pages\/39","targetHints":{"allow":["GET"]}}],"collection":[{"href":"https:\/\/www.windowsandoffice.com\/es\/wp-json\/wp\/v2\/pages"}],"about":[{"href":"https:\/\/www.windowsandoffice.com\/es\/wp-json\/wp\/v2\/types\/page"}],"author":[{"embeddable":true,"href":"https:\/\/www.windowsandoffice.com\/es\/wp-json\/wp\/v2\/users\/1"}],"replies":[{"embeddable":true,"href":"https:\/\/www.windowsandoffice.com\/es\/wp-json\/wp\/v2\/comments?post=39"}],"version-history":[{"count":0,"href":"https:\/\/www.windowsandoffice.com\/es\/wp-json\/wp\/v2\/pages\/39\/revisions"}],"wp:attachment":[{"href":"https:\/\/www.windowsandoffice.com\/es\/wp-json\/wp\/v2\/media?parent=39"}],"curies":[{"name":"wp","href":"https:\/\/api.w.org\/{rel}","templated":true}]}}