{"id":12,"date":"2017-01-02T08:30:09","date_gmt":"2017-01-02T08:30:09","guid":{"rendered":"https:\/\/demo.themegrill.com\/flash-default-2\/?page_id=12"},"modified":"2024-09-05T19:51:29","modified_gmt":"2024-09-05T19:51:29","slug":"contact","status":"publish","type":"page","link":"https:\/\/www.windowsandoffice.com\/fr\/contact\/","title":{"rendered":"Contact"},"content":{"rendered":"<p><img fetchpriority=\"high\" decoding=\"async\" src=\"https:\/\/www.windowsandoffice.com\/wp-content\/uploads\/2020\/02\/contact.jpg\" alt=\"\" srcset=\"https:\/\/www.windowsandoffice.com\/wp-content\/uploads\/2020\/02\/contact.jpg 1170w, https:\/\/www.windowsandoffice.com\/wp-content\/uploads\/2020\/02\/contact-300x77.jpg 300w, https:\/\/www.windowsandoffice.com\/wp-content\/uploads\/2020\/02\/contact-1024x263.jpg 1024w, https:\/\/www.windowsandoffice.com\/wp-content\/uploads\/2020\/02\/contact-768x197.jpg 768w\" sizes=\"(max-width: 1170px) 100vw, 1170px\" width=\"1170\" height=\"300\"><\/p>\n<h2>Contact<\/h2>\n<p>Assistance client 24\/7<\/p>\n<p><a href=\"mailto:info@windowsandoffice.com\">info@windowsandoffice.com<\/a><br \/>\nEnvoyez-nous votre requ\u00eate \u00e0 tout moment!<\/p>\n<p><a href=\"https:\/\/www.facebook.com\/winandoffice\/\">Notre facebook<\/a><\/p>\n<div class=\"everest-forms\"><div class=\"evf-container default\" id=\"evf-472\"><form id=\"evf-form-472\" class=\"everest-form\" data-formid=\"472\" data-ajax_submission=\"0\" data-keyboard_friendly_form=\"0\" data-form_state_type=\"\" method=\"post\" enctype=\"multipart\/form-data\" action=\"\/fr\/wp-json\/wp\/v2\/pages\/12\" data-trp-original-action=\"\/fr\/wp-json\/wp\/v2\/pages\/12\"><div class=\"evf-field-container\"><input type=\"hidden\" id=\"_wpnonce472\" name=\"_wpnonce472\" value=\"d74157a921\" \/><input type=\"hidden\" name=\"_wp_http_referer\" value=\"\/fr\/wp-json\/wp\/v2\/pages\/12\" \/><div class=\"evf-frontend-row\" data-row=\"row_1\" conditional_rules=\"[]\"><div class=\"evf-frontend-grid evf-grid-1\" data-grid=\"grid_1\"><div id=\"evf-472-field_lVizlNhYus-1-container\" class=\"evf-field evf-field-text form-row validate-required\" data-required-field-message=\"Este campo es obligatorio.\" data-field-id=\"lVizlNhYus-1\"><label class=\"evf-field-label\" for=\"evf-472-field_lVizlNhYus-1\"><span class=\"evf-label\">Nom<\/span> <abbr class=\"required\" title=\"N\u00e9cessaire\">*<\/abbr><\/label><input type=\"text\" id=\"evf-472-field_lVizlNhYus-1\" class=\"input-text\" name=\"everest_forms[form_fields][lVizlNhYus-1]\" required><\/div><div id=\"evf-472-field_XYnMdkQDKM-3-container\" class=\"evf-field evf-field-email form-row validate-required validate-email\" data-required-field-message=\"Por favor, usa una direcci\u00f3n de correo electr\u00f3nico v\u00e1lida.\" data-field-id=\"XYnMdkQDKM-3\"><label class=\"evf-field-label\" for=\"evf-472-field_XYnMdkQDKM-3\"><span class=\"evf-label\">Courriel :<\/span> <abbr class=\"required\" title=\"N\u00e9cessaire\">*<\/abbr><\/label><input type=\"email\" id=\"evf-472-field_XYnMdkQDKM-3\" class=\"input-text\" name=\"everest_forms[form_fields][XYnMdkQDKM-3]\" required><\/div><div id=\"evf-472-field_xJivsqAS2c-2-container\" class=\"evf-field evf-field-text form-row validate-required\" data-required-field-message=\"Este campo es obligatorio.\" data-field-id=\"xJivsqAS2c-2\"><label class=\"evf-field-label\" for=\"evf-472-field_xJivsqAS2c-2\"><span class=\"evf-label\">Mati\u00e8re<\/span> <abbr class=\"required\" title=\"N\u00e9cessaire\">*<\/abbr><\/label><input type=\"text\" id=\"evf-472-field_xJivsqAS2c-2\" class=\"input-text\" name=\"everest_forms[form_fields][xJivsqAS2c-2]\" required><\/div><div id=\"evf-472-field_YalaPcQ0DO-4-container\" class=\"evf-field evf-field-textarea form-row\" data-field-id=\"YalaPcQ0DO-4\"><label class=\"evf-field-label\" for=\"evf-472-field_YalaPcQ0DO-4\"><span class=\"evf-label\">Message<\/span> <\/label><textarea id=\"evf-472-field_YalaPcQ0DO-4\" class=\"input-text\" name=\"everest_forms[form_fields][YalaPcQ0DO-4]\"  ><\/textarea><\/div><\/div><\/div><\/div><div class=\"evf-honeypot-container evf-field-hp\"><label for=\"evf-472-field-hp\" class=\"evf-field-label\">Site web<\/label><input type=\"text\" name=\"everest_forms[hp]\" id=\"evf-472-field-hp\" class=\"input-text\"><\/div><div class=\"evf-submit-container\" ><input type=\"hidden\" name=\"everest_forms[id]\" value=\"472\"><input type=\"hidden\" name=\"everest_forms[author]\" value=\"1\"><button type='submit' name='everest_forms[submit]' class='everest-forms-submit-button button evf-submit' id='evf-submit-472' value='evf-submit' data-process-text=\"Processing\u2026\" conditional_rules='&quot;&quot;' conditional_id='evf-submit-472'  aria-live=\"assertive\">Soumettre<\/button><\/div><input type=\"hidden\" name=\"trp-form-language\" value=\"fr\"\/><\/form><\/div><!-- .evf-container --><\/div>","protected":false},"excerpt":{"rendered":"<p>Contactez-nous 24\/7 Support client info@windowsandoffice.com Envoyez-nous votre demande \u00e0 tout moment ! Notre facebook<\/p>","protected":false},"author":1,"featured_media":0,"parent":0,"menu_order":0,"comment_status":"closed","ping_status":"closed","template":"","meta":{"footnotes":""},"class_list":["post-12","page","type-page","status-publish","hentry"],"_links":{"self":[{"href":"https:\/\/www.windowsandoffice.com\/fr\/wp-json\/wp\/v2\/pages\/12","targetHints":{"allow":["GET"]}}],"collection":[{"href":"https:\/\/www.windowsandoffice.com\/fr\/wp-json\/wp\/v2\/pages"}],"about":[{"href":"https:\/\/www.windowsandoffice.com\/fr\/wp-json\/wp\/v2\/types\/page"}],"author":[{"embeddable":true,"href":"https:\/\/www.windowsandoffice.com\/fr\/wp-json\/wp\/v2\/users\/1"}],"replies":[{"embeddable":true,"href":"https:\/\/www.windowsandoffice.com\/fr\/wp-json\/wp\/v2\/comments?post=12"}],"version-history":[{"count":0,"href":"https:\/\/www.windowsandoffice.com\/fr\/wp-json\/wp\/v2\/pages\/12\/revisions"}],"wp:attachment":[{"href":"https:\/\/www.windowsandoffice.com\/fr\/wp-json\/wp\/v2\/media?parent=12"}],"curies":[{"name":"wp","href":"https:\/\/api.w.org\/{rel}","templated":true}]}}