{"id":1459,"date":"2020-07-25T21:15:09","date_gmt":"2020-07-25T21:15:09","guid":{"rendered":"https:\/\/www.windowsandoffice.com\/?page_id=1459"},"modified":"2024-09-05T19:51:29","modified_gmt":"2024-09-05T19:51:29","slug":"terms-conditions","status":"publish","type":"page","link":"https:\/\/www.windowsandoffice.com\/fr\/terms-conditions\/","title":{"rendered":"Termes et conditions"},"content":{"rendered":"<p><strong>Conditions g\u00e9n\u00e9rales de vente (CGV)&nbsp;<\/strong><\/p>\n\n\n\n<p><strong>1 Conditions g\u00e9n\u00e9rales<\/strong><\/p>\n\n\n\n<p>1.1 Les livraisons, prestations et offres de Windows &amp; Office, (ci-apr\u00e8s \"le vendeur\") sont effectu\u00e9es exclusivement sur la base des pr\u00e9sentes conditions g\u00e9n\u00e9rales (ci-apr\u00e8s \"CGV\"). Elles s'appliquent donc \u00e9galement \u00e0 toutes les relations commerciales futures, m\u00eame si elles ne sont pas express\u00e9ment convenues \u00e0 nouveau. Les r\u00e9f\u00e9rences de l'acheteur (ci-apr\u00e8s \" client \") \u00e0 ses conditions g\u00e9n\u00e9rales sont rejet\u00e9es par la pr\u00e9sente.<\/p>\n\n\n\n<p>1.2 Les compl\u00e9ments ou modifications des conditions n\u00e9cessitent une confirmation \u00e9crite du vendeur. L'original de la commande fait foi pour le contenu du contrat.<\/p>\n\n\n\n<p>1.3 Les pr\u00e9sentes conditions g\u00e9n\u00e9rales s'appliquent tant aux consommateurs (article 13 du code civil allemand) qu'aux entrepreneurs (article 14 du code civil allemand), sauf si les conditions suivantes contiennent des informations distinctes.<\/p>\n\n\n\n<p>1.4 Avec la soumission de la commande selon le point 2.2, le client accepte les pr\u00e9sentes conditions g\u00e9n\u00e9rales.<\/p>\n\n\n\n<p><strong>2 Conclusion du contrat<\/strong><\/p>\n\n\n\n<p>2.1 L'objet du contrat est la vente de produits t\u00e9l\u00e9chargeables (contenu num\u00e9rique qui n'est pas livr\u00e9 sur un support de donn\u00e9es physique, tel que des cl\u00e9s de produits disponibles num\u00e9riquement, des codes d'acc\u00e8s ou d'autres informations disponibles num\u00e9riquement), y compris les licences associ\u00e9es.<br>En pla\u00e7ant le produit \u00e0 t\u00e9l\u00e9charger respectif sur notre site web, nous soumettons une offre contraignante au client pour conclure un contrat aux conditions sp\u00e9cifi\u00e9es dans la description de l'article.<\/p>\n\n\n\n<p>2.2 Dans le cas d'un contrat de livraison de biens num\u00e9riques, le vendeur doit le transfert permanent du logiciel nomm\u00e9 dans le certificat de licence dans le cas d'un contrat de livraison de logiciel (ci-apr\u00e8s : \" achat de logiciel \"). Le vendeur doit fournir la possibilit\u00e9 de t\u00e9l\u00e9charger le logiciel ainsi que la fourniture d'une version imprim\u00e9e ou t\u00e9l\u00e9chargeable de la documentation utilisateur associ\u00e9e. La description du produit dans la boutique en ligne ou sur la place de march\u00e9 du vendeur est d\u00e9terminante pour la qualit\u00e9 du logiciel.<\/p>\n\n\n\n<p>2.3 Le contrat est conclu comme suit via le syst\u00e8me de panier d'achat en ligne :<br>Le client place les marchandises s\u00e9lectionn\u00e9es dans le panier virtuel et suit le processus de commande \u00e9lectronique. En cliquant sur le bouton pour terminer le processus de commande, le client conclut une offre de contrat juridiquement contraignante concernant les biens figurant dans le panier. En outre, le client peut \u00e9galement soumettre l'offre au vendeur par courrier \u00e9lectronique.<\/p>\n\n\n\n<p>2.4 Le traitement de la commande et la transmission de toutes les informations requises dans le cadre de la conclusion du contrat sont partiellement automatis\u00e9s par e-mail. Vous devez donc vous assurer que l'adresse e-mail que vous avez enregistr\u00e9e chez nous est correcte, que la r\u00e9ception des e-mails est techniquement assur\u00e9e et, en particulier, qu'elle n'est pas emp\u00each\u00e9e par les filtres SPAM.<\/p>\n\n\n\n<p>2.5 Les accords subsidiaires, les modifications et les ajouts ne sont valables que si nous les confirmons par \u00e9crit. Il en va de m\u00eame pour l'assurance des biens.<\/p>\n\n\n\n<p><strong>3 Droit de retrait<\/strong><\/p>\n\n\n\n<p>3.1 Les consommateurs disposent g\u00e9n\u00e9ralement d'un droit de r\u00e9tractation.<\/p>\n\n\n\n<p>3.2 Des informations plus d\u00e9taill\u00e9es sur le droit d'annulation peuvent \u00eatre trouv\u00e9es dans la politique d'annulation du vendeur.<\/p>\n\n\n\n<p>3.3 Cons\u00e9quences de l'annulation<\/p>\n\n\n\n<p>Si vous r\u00e9siliez le pr\u00e9sent contrat, nous devons rembourser tous les paiements que nous avons re\u00e7us de vous imm\u00e9diatement et au plus tard dans les quatorze jours \u00e0 compter du jour o\u00f9 nous avons re\u00e7u la notification de votre r\u00e9siliation du pr\u00e9sent contrat. Pour ce remboursement, nous utilisons le m\u00eame moyen de paiement que celui que vous avez utilis\u00e9 pour le paiement initial.<br>avoir commenc\u00e9 la transaction, \u00e0 moins qu'il n'en ait \u00e9t\u00e9 express\u00e9ment convenu autrement avec vous ; en aucun cas, des frais ne vous seront factur\u00e9s pour ce remboursement.<\/p>\n\n\n\n<p>Nous pouvons refuser le remboursement jusqu'\u00e0 ce que nous ayons re\u00e7u les biens en retour ou que vous ayez fourni la preuve que vous n'avez pas utilis\u00e9 les biens, la date retenue \u00e9tant la plus proche. Vous devez nous renvoyer ou remettre les marchandises imm\u00e9diatement et, en tout \u00e9tat de cause, au plus tard quatorze jours \u00e0 compter du jour o\u00f9 vous nous avez inform\u00e9s de la r\u00e9siliation du pr\u00e9sent contrat. Le d\u00e9lai est respect\u00e9 si vous envoyez les marchandises avant l'expiration du d\u00e9lai de quatorze jours.<\/p>\n\n\n\n<p><strong>4 Garantie<\/strong><\/p>\n\n\n\n<p>4.1 Les droits de garantie l\u00e9gaux s'appliquent.<\/p>\n\n\n\n<p>4.2 Le client est pri\u00e9 de v\u00e9rifier l'int\u00e9gralit\u00e9 et les d\u00e9fauts \u00e9vidents de la marchandise d\u00e8s sa livraison et de nous faire part de toute r\u00e9clamation dans les meilleurs d\u00e9lais. Si le client ne s'ex\u00e9cute pas, cela n'a aucune incidence sur ses droits \u00e0 la garantie l\u00e9gale.<\/p>\n\n\n\n<p>4.3 Seules nos propres informations et la description du produit par le fabricant sont r\u00e9put\u00e9es convenir de la qualit\u00e9 de l'article, mais pas d'autres publicit\u00e9s, promotions publiques et d\u00e9clarations du fabricant.<\/p>\n\n\n\n<p>4.4 La p\u00e9riode de garantie est d'un an \u00e0 compter de la livraison des marchandises.<\/p>\n\n\n\n<p>4.5 Si le client refuse la livraison du vendeur pour une raison autre qu'un d\u00e9faut important qui restreint fortement l'utilisation ou la rend impossible, bien que le vendeur ait d\u00e9clar\u00e9 \u00eatre pr\u00eat \u00e0 s'ex\u00e9cuter, le client est en d\u00e9faut de r\u00e9ception. L'acceptation de la livraison ne peut \u00eatre refus\u00e9e en raison de d\u00e9fauts mineurs.<\/p>\n\n\n\n<p>4.6 La garantie ne couvre pas les d\u00e9fauts qui r\u00e9sultent d'une utilisation inappropri\u00e9e, de composants du syst\u00e8me modifi\u00e9s contrairement aux principes contractuels, de l'utilisation de ressources organisationnelles inadapt\u00e9es, de l'utilisation dans un environnement mat\u00e9riel ou logiciel ne r\u00e9pondant pas aux exigences sp\u00e9cifi\u00e9es dans le certificat de licence, de conditions d'exploitation inhabituelles ou d'interventions sur le syst\u00e8me par les clients ou des tiers.<\/p>\n\n\n\n<p>4.7 Si une livraison est d\u00e9fectueuse, le vendeur peut choisir de fournir une prestation suppl\u00e9mentaire en \u00e9liminant le d\u00e9faut (am\u00e9lioration ult\u00e9rieure) ou en livrant un article exempt de d\u00e9faut (livraison de remplacement). Dans ce dernier cas, le client est tenu de renvoyer la marchandise d\u00e9fectueuse \u00e0 la demande du vendeur, conform\u00e9ment aux dispositions l\u00e9gales.<\/p>\n\n\n\n<p>4.8 Octroi de droits dans un contrat de livraison de logiciels<\/p>\n\n\n\n<ul class=\"wp-block-list\"><li>Le point. 4.8 s'applique exclusivement aux contrats d'achat de logiciels conform\u00e9ment au point 2.2.<br>Avec le paiement int\u00e9gral du prix d'achat, le client re\u00e7oit un droit non exclusif et illimit\u00e9 d'utiliser les biens dans la mesure pr\u00e9vue par le contrat.<\/li><li>Les biens ne peuvent \u00eatre utilis\u00e9s simultan\u00e9ment que par un maximum du nombre de personnes physiques correspondant aux biens achet\u00e9s par le client.<\/li><li>L'utilisation autoris\u00e9e comprend l'installation du logiciel, son chargement dans la m\u00e9moire principale et l'utilisation pr\u00e9vue par le client. Le client n'a en aucun cas le droit de louer ou de conc\u00e9der une sous-licence sur les biens achet\u00e9s, de les reproduire ou de les rendre accessibles au public par voie filaire ou sans fil, ou de les mettre \u00e0 la disposition de tiers \u00e0 titre on\u00e9reux ou gratuit.<\/li><li>Le client a le droit de faire une copie de sauvegarde du logiciel si cela est n\u00e9cessaire pour garantir une utilisation future.<\/li><\/ul>\n\n\n\n<p><strong>5 Prix et conditions de paiement<\/strong><\/p>\n\n\n\n<p>5.1 Sauf indication contraire dans la description du produit par le vendeur, les prix indiqu\u00e9s sont des prix totaux qui incluent la taxe de vente l\u00e9gale. Les frais de livraison et d'exp\u00e9dition suppl\u00e9mentaires qui peuvent \u00eatre encourus sont sp\u00e9cifi\u00e9s s\u00e9par\u00e9ment dans la description respective du produit.<\/p>\n\n\n\n<p>5.2 Pour les livraisons dans des pays situ\u00e9s en dehors de l'Union europ\u00e9enne, des frais suppl\u00e9mentaires peuvent survenir dans certains cas particuliers, pour lesquels le vendeur n'est pas responsable et qui sont \u00e0 la charge du client. (par exemple, frais de transfert, frais de change, droits d'importation ou taxes). De tels frais peuvent \u00e9galement \u00eatre occasionn\u00e9s par le transfert de fonds si la livraison n'est pas effectu\u00e9e dans un pays hors de l'Union europ\u00e9enne, mais que le client effectue le paiement depuis un pays hors de l'Union europ\u00e9enne.<\/p>\n\n\n\n<p>5.3 La ou les options de paiement seront communiqu\u00e9es au client dans la boutique en ligne ou sur la place de march\u00e9 respective du vendeur.<\/p>\n\n\n\n<p>5.4 Si un pr\u00e9paiement par virement bancaire a \u00e9t\u00e9 convenu, le paiement est d\u00fb imm\u00e9diatement apr\u00e8s la conclusion du contrat, \u00e0 moins que les parties n'aient convenu d'une date d'\u00e9ch\u00e9ance ult\u00e9rieure.<\/p>\n\n\n\n<p>5.5 En cas de paiement par le biais d'un prestataire de services de paiement PayPal (Europe) S.\u00e0 r.l. et Cie, SCA, 22-24 Boulevard Royal, L-2449 Luxembourg (ci-apr\u00e8s : \" PayPal \"), le paiement est trait\u00e9 par PayPal, sous r\u00e9serve des conditions d'utilisation de PayPal, disponibles sur https:\/\/www.paypal.com\/de\/webapps\/mpp\/ua\/useragreement-full ou - si le client ne dispose pas d'un compte PayPal - sous r\u00e9serve des conditions de paiement sans compte PayPal, consultables sur https:\/\/www.paypal.com\/de\/webapps\/mpp\/ua\/privacywax-full.<\/p>\n\n\n\n<p><strong>6 Conditions de livraison et d'exp\u00e9dition<\/strong><\/p>\n\n\n\n<p>6.1 Le contenu num\u00e9rique est mis \u00e0 la disposition du client sous forme \u00e9lectronique par t\u00e9l\u00e9chargement en fournissant un lien de t\u00e9l\u00e9chargement. Les cl\u00e9s de produit sont envoy\u00e9es au client par courrier \u00e9lectronique.<\/p>\n\n\n\n<p><strong>7 Conservation de la propri\u00e9t\u00e9<\/strong><\/p>\n\n\n\n<p>7.1 Nous nous r\u00e9servons la propri\u00e9t\u00e9 de la marchandise jusqu'au paiement int\u00e9gral de toutes les cr\u00e9ances qui nous reviennent du fait des relations commerciales avec le client.<\/p>\n\n\n\n<p>7.2 La revendication de la r\u00e9serve de propri\u00e9t\u00e9 n'est pas consid\u00e9r\u00e9e comme une r\u00e9siliation du contrat. Toutefois, apr\u00e8s un d\u00e9lai raisonnable, nous sommes en droit de disposer autrement des marchandises pour lesquelles la r\u00e9serve de propri\u00e9t\u00e9 a \u00e9t\u00e9 revendiqu\u00e9e et, apr\u00e8s paiement int\u00e9gral du prix d'achat, de livrer au client des marchandises identiques ou \u00e9quivalentes.<\/p>\n\n\n\n<p><strong>8 Dispositions finales<\/strong><\/p>\n\n\n\n<p>8.1 Avec l'\u00e9tablissement de la relation commerciale, les donn\u00e9es du client, qui peuvent \u00e9galement \u00eatre des donn\u00e9es \u00e0 caract\u00e8re personnel, sont stock\u00e9es et, si cela est n\u00e9cessaire pour l'ex\u00e9cution de la commande, trait\u00e9es et transmises.<\/p>\n\n\n\n<p>8.2 Le droit allemand s'applique exclusivement \u00e0 l'exclusion du droit de vente des Nations Unies et des renvois au droit international priv\u00e9 et proc\u00e9dural.<\/p>\n\n\n\n<p>8.3 Le lieu de juridiction exclusif pour tous les litiges d\u00e9coulant des contrats auxquels s'appliquent les pr\u00e9sentes CG est le si\u00e8ge du vendeur ; le vendeur est toutefois en droit de se retourner contre l'acheteur aupr\u00e8s de toute juridiction l\u00e9galement \u00e9tablie. Cette r\u00e9glementation ne s'applique pas aux consommateurs.<\/p>","protected":false},"excerpt":{"rendered":"<p>Conditions g\u00e9n\u00e9rales de vente (CGV) 1 Conditions g\u00e9n\u00e9rales 1.1 Les livraisons, services et offres de Windows &amp; Office, (ci-apr\u00e8s \"le vendeur\") [...]<\/p>","protected":false},"author":1,"featured_media":0,"parent":0,"menu_order":0,"comment_status":"closed","ping_status":"closed","template":"","meta":{"footnotes":""},"class_list":["post-1459","page","type-page","status-publish","hentry"],"_links":{"self":[{"href":"https:\/\/www.windowsandoffice.com\/fr\/wp-json\/wp\/v2\/pages\/1459","targetHints":{"allow":["GET"]}}],"collection":[{"href":"https:\/\/www.windowsandoffice.com\/fr\/wp-json\/wp\/v2\/pages"}],"about":[{"href":"https:\/\/www.windowsandoffice.com\/fr\/wp-json\/wp\/v2\/types\/page"}],"author":[{"embeddable":true,"href":"https:\/\/www.windowsandoffice.com\/fr\/wp-json\/wp\/v2\/users\/1"}],"replies":[{"embeddable":true,"href":"https:\/\/www.windowsandoffice.com\/fr\/wp-json\/wp\/v2\/comments?post=1459"}],"version-history":[{"count":0,"href":"https:\/\/www.windowsandoffice.com\/fr\/wp-json\/wp\/v2\/pages\/1459\/revisions"}],"wp:attachment":[{"href":"https:\/\/www.windowsandoffice.com\/fr\/wp-json\/wp\/v2\/media?parent=1459"}],"curies":[{"name":"wp","href":"https:\/\/api.w.org\/{rel}","templated":true}]}}